{"id":646,"date":"2022-08-16T09:04:44","date_gmt":"2022-08-16T07:04:44","guid":{"rendered":"https:\/\/www.mgts.com\/mentions-legales\/"},"modified":"2022-08-24T11:20:48","modified_gmt":"2022-08-24T09:20:48","slug":"mentions-legales","status":"publish","type":"page","link":"https:\/\/www.mgts.com\/en\/mentions-legales\/","title":{"rendered":"Mentions l\u00e9gales"},"content":{"rendered":"<p>Ce site https:\/\/www.mgts.com est l\u2019enti\u00e8re propri\u00e9t\u00e9 de la soci\u00e9t\u00e9 MGTS SA<\/p>\n<p><strong>\u00c9DITEUR DU SITE<\/strong><br \/>\nMGTS SA<br \/>\nAdresse : 12 Avenue des Morgines &#8211; CH-1213 Petit-Lancy &#8211; SUISSE<br \/>\nT\u00e9l\u00e9phone : <a href=\"https:\/\/www.google.com\/search?q=mgts+geneve&amp;oq=mgts+geneve&amp;aqs=chrome..69i57j46i175i199i512j0i22i30.1910j0j7&amp;sourceid=chrome&amp;ie=UTF-8#\" data-dtype=\"d3ph\" data-local-attribute=\"d3ph\" data-ved=\"2ahUKEwjMof7zz8v5AhU1xgIHHW2sC4UQkAgoAHoECEkQAw\"><span aria-label=\"Appeler le +41 22 544 04 00\">+41 22 544 04 00<\/span><\/a><br \/>\nSIRET : 48756963400016<\/p>\n<p>Directrice de la publication : MGTS<\/p>\n<p><strong>CONCEPTION \u2013 R\u00c9ALISATION<\/strong><br \/>\nAltimax<br \/>\nPARC ALTAIS ANNECY &#8211; FRANCE<br \/>\n21 A Rue Androm\u00e8de<br \/>\n74650 Chavanod<br \/>\nFRANCE<br \/>\nwww.altimax.com<br \/>\nSIRET : 418 666 996 00057<br \/>\nTVA : FR89418666996<\/p>\n<p><strong>H\u00c9BERGEMENT<br \/>\n<\/strong>o2switch<br \/>\n222 Bd Gustave Flaubert<br \/>\n63000 Clermont-Ferrand<br \/>\nFrance<\/p>\n<p><strong>DONN\u00c9ES PERSONNELLES :<\/strong><br \/>\nMGTS SA ne donne, ne vend, ni ne loue les renseignements personnels \u00e0 aucune entreprise ou personne.<\/p>\n<p><strong>COOKIES :<\/strong><br \/>\nLe site www.mgts.com utilise des cookies uniquement \u00e0 des fins statistiques. Pour supprimer les cookies laiss\u00e9s par votre navigateur, veuillez vous r\u00e9f\u00e9rer \u00e0 la rubrique d\u2019aide du navigateur, rubrique \u00ab confidentialit\u00e9 \u00bb..<\/p>\n<p><strong>CONTENU DU SITE :<\/strong><br \/>\nMGTS SA d\u00e9cline toute responsabilit\u00e9 pour les \u00e9ventuelles impr\u00e9cisions, inexactitude ou omission portant sur des informations disponibles sur ce site.<\/p>\n<p><strong>PROPRI\u00c9T\u00c9 INTELLECTUELLE :<\/strong><br \/>\nLe site www.mgts.com, ainsi que tous les \u00e9l\u00e9ments le composant (notamment textes, photographies, vid\u00e9os, marques, \u2026), constituent une \u0153uvre au sens des articles 112-2 et suivants du code de la Propri\u00e9t\u00e9 Intellectuelle, relevant en tant que telle de la l\u00e9gislation internationale sur la Propri\u00e9t\u00e9 Litt\u00e9raire et Artistique. La copie de pages du site sur quelque support que ce soit (y compris disque dur), est autoris\u00e9e \u00e0 des fins priv\u00e9es uniquement. En cons\u00e9quence, toute repr\u00e9sentation ou reproduction, m\u00eame partielle, qui pourrait \u00eatre faite du site ou des \u00e9l\u00e9ments le composant, \u00e0 des fins commerciales, sans le consentement pr\u00e9alable et \u00e9crit de MGTS SA, est illicite et susceptible de constituer un acte de contrefa\u00e7on engageant les responsabilit\u00e9s civile et p\u00e9nale du contrefacteur.<\/p>\n<p><strong>LIENS HYPERTEXTES :<\/strong><br \/>\nLes liens hypertextes mis en place dans le cadre du pr\u00e9sent site internet en direction d\u2019autres sites pr\u00e9sents sur le r\u00e9seau Internet, ne sauraient engager la responsabilit\u00e9 de MGTS SA en ce qui concerne leur contenu ou les liens qu\u2019ils contiennent, ainsi que leurs conditions d\u2019exploitation (notamment gestion des donn\u00e9es personnelles,\u2026) La possibilit\u00e9 d\u2019\u00e9tablir des liens hypertextes simples vers le site www.mgts.com est soumise \u00e0 l\u2019accord pr\u00e9alable de MGTS SA. Tout lien hypertexte profond, ou utilisant la technique du \u00a0\u00bb framing \u00a0\u00bb (affichage d\u2019une page dans un cadre au sein d\u2019un autre site), est interdit.<br \/>\nExon\u00e9ration de la responsabilit\u00e9 technique de MGTS SA s\u2019engage \u00e0 faire tous les efforts n\u00e9cessaires pour que le site internet www.mgts.com soit accessible \u00e0 tout moment. N\u00e9anmoins, MGTS SA d\u00e9cline toute responsabilit\u00e9 en cas de difficult\u00e9 d\u2019acc\u00e8s \u00e0 son site ou d\u2019interruptions dans la connexion, quelles qu\u2019en soient les causes. Notamment, MGTS SA se r\u00e9serve le droit de proc\u00e9der \u00e0 toute modification du site qu\u2019il jugera utile, et cela sans avertissement pr\u00e9alable et m\u00eame si l\u2019acc\u00e8s au site en est cons\u00e9quemment interrompu. De plus, MGTS SA ne saurait \u00eatre tenu responsable des \u00e9ventuels dommages directs ou indirects, y compris l\u2019inaccessibilit\u00e9 au site, les pertes de donn\u00e9es, d\u00e9t\u00e9riorations, destructions qui pourraient affecter votre \u00e9quipement informatique.<\/p>\n<p><strong>CNIL :<\/strong><br \/>\nConform\u00e9ment \u00e0 la loi \u00abInformatique et Libert\u00e9s\u00bb en date du 6 janvier 1978, vous disposez d\u2019un droit d\u2019acc\u00e8s, de rectification, de modification et de suppression concernant les donn\u00e9es qui vous concernent.<br \/>\nVous pouvez exercer ce droit en envoyant un email \u00e0 travers le formulaire de contact du site.<\/p>\n","protected":false},"excerpt":{"rendered":"<p>Ce site https:\/\/www.mgts.com est l\u2019enti\u00e8re propri\u00e9t\u00e9 de la soci\u00e9t\u00e9 MGTS SA \u00c9DITEUR DU SITE MGTS SA Adresse : 12 Avenue des Morgines &#8211; CH-1213 Petit-Lancy &#8211; SUISSE T\u00e9l\u00e9phone : +41 22 544 04 00 SIRET : 48756963400016 Directrice de la publication : MGTS CONCEPTION \u2013 R\u00c9ALISATION Altimax PARC ALTAIS ANNECY &#8211; FRANCE 21 A Rue [&hellip;]<\/p>\n","protected":false},"author":1,"featured_media":0,"parent":0,"menu_order":0,"comment_status":"closed","ping_status":"closed","template":"","meta":{"_acf_changed":false,"inline_featured_image":false,"footnotes":""},"class_list":["post-646","page","type-page","status-publish","hentry"],"acf":[],"_links":{"self":[{"href":"https:\/\/www.mgts.com\/en\/wp-json\/wp\/v2\/pages\/646","targetHints":{"allow":["GET"]}}],"collection":[{"href":"https:\/\/www.mgts.com\/en\/wp-json\/wp\/v2\/pages"}],"about":[{"href":"https:\/\/www.mgts.com\/en\/wp-json\/wp\/v2\/types\/page"}],"author":[{"embeddable":true,"href":"https:\/\/www.mgts.com\/en\/wp-json\/wp\/v2\/users\/1"}],"replies":[{"embeddable":true,"href":"https:\/\/www.mgts.com\/en\/wp-json\/wp\/v2\/comments?post=646"}],"version-history":[{"count":1,"href":"https:\/\/www.mgts.com\/en\/wp-json\/wp\/v2\/pages\/646\/revisions"}],"predecessor-version":[{"id":660,"href":"https:\/\/www.mgts.com\/en\/wp-json\/wp\/v2\/pages\/646\/revisions\/660"}],"wp:attachment":[{"href":"https:\/\/www.mgts.com\/en\/wp-json\/wp\/v2\/media?parent=646"}],"curies":[{"name":"wp","href":"https:\/\/api.w.org\/{rel}","templated":true}]}}